{"id":12,"date":"2019-03-27T06:16:56","date_gmt":"2019-03-27T06:16:56","guid":{"rendered":"http:\/\/localhost\/doro\/?page_id=8"},"modified":"2020-10-26T17:46:12","modified_gmt":"2020-10-26T17:46:12","slug":"about","status":"publish","type":"page","link":"https:\/\/auto-retrato.com\/en\/about\/","title":{"rendered":"About"},"content":{"rendered":"<div class=\"clear\"><\/div><div class=\"full-width-section\" ><div class=\"block-wrapper section-padding\"><div class=\"sec-bg-fancy\"><\/div><div class=\"section-wrapper container-fluid\"><div class=\"row-layout  row\"><div class=\"wpb_column vc_column_container vc_col-sm-12\"><div class=\"vc_column-inner\"><div class=\"wpb_wrapper\"><div class=\"vc_row wpb_row vc_inner vc_row-fluid\"><div class=\"wpb_column vc_column_container vc_col-sm-12\"><div class=\"vc_column-inner\"><div class=\"wpb_wrapper\"><div class=\"sec-title animate-box\" data-animate-effect=\"fadeInLeft\"><span class=\"heading-meta\" style=\"\">ABOUT<\/span><h2 class=\"doro-heading\" style=\"\">ABOUT US<\/h2><\/div><\/div><\/div><\/div><\/div><div class=\"vc_row wpb_row vc_inner vc_row-fluid\"><div class=\"wpb_column vc_column_container vc_col-sm-6\"><div class=\"vc_column-inner\"><div class=\"wpb_wrapper\"><div class=\"sec-image\"><img decoding=\"async\" class=\"img-fluid mb-30 animate-box fadeInLeft animated\" data-animate-effect=\"fadeInLeft\" src=\"https:\/\/auto-retrato.com\/wp-content\/uploads\/2020\/10\/ACERCA.jpg\" style=\"\" alt=\"ACERCA\" \/><\/div>\n\t<div class=\"wpb_text_column wpb_content_element\" >\n\t\t<div class=\"wpb_wrapper\">\n\t\t\t<p><em>Fangio Museum \/ Balcarce \/ Argentina<\/em><\/p>\n\n\t\t<\/div>\n\t<\/div>\n<\/div><\/div><\/div><div class=\"wpb_column vc_column_container vc_col-sm-6\"><div class=\"vc_column-inner\"><div class=\"wpb_wrapper\"><div class=\"sec-title animate-box\" data-animate-effect=\"fadeInLeft\"><span class=\"heading-meta\" style=\"\">We are<\/span><h3 class=\"doro-about-heading\" style=\"\">Auto Portrait<\/h3><\/div><div class=\"sec-text animate-box\" data-animate-effect=\"fadeInLeft\" style=\"\"><p>We are a couple of friends who share the passion for photography, travel and the magical dialog with cars.<\/p>\n<p>Auto Portrait, captures a moving story, the end or the beginning of a trip. Discovered roads, the not yet travelled. A moment of rest.<\/p>\n<p>Movement, mechanics, design, interaction, are all aspects of that marvelous object to which we feel drawn. A car. We try as photographers to give it a voice.\u00a0<\/p>\n<p>The vision of what we do, and who we are, is the result of the configuration of our history, the training we\u2019ve received, the life changing experiences each one of us have had; and the questions we have asked ourselves.<\/p>\n<p><span class=\"ILfuVd\"><span class=\"hgKElc\"><b>\u2193<\/b> <\/span><\/span><span class=\"ILfuVd\"><span class=\"hgKElc\"><b>\u2193<\/b> <\/span><\/span><span class=\"ILfuVd\"><span class=\"hgKElc\"><b>\u2193<\/b> <\/span><\/span><\/p><\/div><\/div><\/div><\/div><\/div><\/div><\/div><\/div><\/div><\/div><\/div><\/div><div class=\"clear\"><\/div><div class=\"clear\"><\/div><div class=\"full-width-section\" ><div class=\"block-wrapper section-padding\"><div class=\"sec-bg-fancy\"><\/div><div class=\"section-wrapper container-fluid\"><div class=\"row-layout  row\"><div class=\"wpb_column vc_column_container vc_col-sm-12\"><div class=\"vc_column-inner\"><div class=\"wpb_wrapper\"><div class=\"vc_row wpb_row vc_inner vc_row-fluid\"><div class=\"wpb_column vc_column_container vc_col-sm-12\"><div class=\"vc_column-inner\"><div class=\"wpb_wrapper\"><div class=\"sec-title animate-box\" data-animate-effect=\"fadeInLeft\"><span class=\"heading-meta\" style=\"\">ABOUT<\/span><h2 class=\"doro-heading\" style=\"\">the photographers<\/h2><\/div><\/div><\/div><\/div><\/div><div class=\"vc_row wpb_row vc_inner vc_row-fluid\"><div class=\"wpb_column vc_column_container vc_col-sm-6\"><div class=\"vc_column-inner\"><div class=\"wpb_wrapper\"><div class=\"sec-team animate-box\" data-animate-effect=\"fadeInLeft\" style=\"\"><div class=\"team\"><img decoding=\"async\" src=\"https:\/\/auto-retrato.com\/wp-content\/uploads\/2020\/10\/ES-BIO.jpg\" class=\"img-fluid\" alt=\"\" \/><div class=\"desc\"><div class=\"con\"><h3><a href=\"\/en\/www.esteban-sosnitsky.com\/\"  target=\"_blank\">Esteban Sosnitsky<\/a><\/h3>  <span>Photographer<\/span><p class=\"icon\"> <span><a href=\"https:\/\/instagram.com\/estebangram\" target=\"_blank\"><i class=\"ti-instagram\"><\/i><\/a><\/span> <span><a href=\"https:\/\/www.esteban-sosnitsky.com\" target=\"_blank\"><i class=\"ti-home\"><\/i><\/a><\/span> <span><a href=\"mailto:admin@auto-retrato.com\" target=\"_self\"><i class=\"ti-email\"><\/i><\/a><\/span> <\/p><\/div><\/div><\/div><\/div><\/div><\/div><\/div><div class=\"wpb_column vc_column_container vc_col-sm-6\"><div class=\"vc_column-inner\"><div class=\"wpb_wrapper\"><div class=\"sec-team animate-box\" data-animate-effect=\"fadeInLeft\" style=\"\"><div class=\"team\"><img decoding=\"async\" src=\"https:\/\/auto-retrato.com\/wp-content\/uploads\/2020\/10\/DN-BIO2.jpg\" class=\"img-fluid\" alt=\"\" \/><div class=\"desc\"><div class=\"con\"><h3><a href=\"#\"  target=\"_self\">David de Nicol\u00e1s<\/a><\/h3>  <span>Photographer<\/span><p class=\"icon\"> <span><a href=\"https:\/\/www.instagram.com\/davidnphoto\" target=\"_self\"><i class=\"ti-instagram\"><\/i><\/a><\/span> <span><a href=\"mailto:admin@auto-retrato.com\" target=\"_self\"><i class=\"ti-email\"><\/i><\/a><\/span> <\/p><\/div><\/div><\/div><\/div><\/div><\/div><\/div><\/div><\/div><\/div><\/div><\/div><\/div><\/div><\/div><div class=\"clear\"><\/div>","protected":false},"excerpt":{"rendered":"Acerca deNosotros Museo Fangio \/ Balcarce \/ Argentina SOMOSAuto RetratoSomos un par de amigos que compartimos la pasi\u00f3n por la fotograf\u00eda, los viajes y la magia del di\u00e1logo con los autos. Auto retrato captura una historia m\u00f3vil, el fin o el inicio de un viaje, los caminos andados, los posibles por andar. Un momento de [...]","protected":false},"author":1,"featured_media":0,"parent":0,"menu_order":0,"comment_status":"closed","ping_status":"closed","template":"","meta":{"footnotes":"","_links_to":"","_links_to_target":""},"yoast_head":"<!-- This site is optimized with the Yoast SEO plugin v21.5 - https:\/\/yoast.com\/wordpress\/plugins\/seo\/ -->\n<title>About - Auto Retrato<\/title>\n<meta name=\"robots\" content=\"index, follow, max-snippet:-1, max-image-preview:large, max-video-preview:-1\" \/>\n<link rel=\"canonical\" href=\"https:\/\/auto-retrato.com\/en\/about\/\" \/>\n<meta property=\"og:locale\" content=\"en_US\" \/>\n<meta property=\"og:type\" content=\"article\" \/>\n<meta property=\"og:title\" content=\"About - Auto Retrato\" \/>\n<meta property=\"og:url\" content=\"https:\/\/auto-retrato.com\/en\/about\/\" \/>\n<meta property=\"og:site_name\" content=\"Auto Retrato\" \/>\n<meta property=\"article:publisher\" content=\"https:\/\/www.facebook.com\/autoretratoart\" \/>\n<meta property=\"article:modified_time\" content=\"2020-10-26T17:46:12+00:00\" \/>\n<meta property=\"og:image\" content=\"https:\/\/auto-retrato.com\/wp-content\/uploads\/2020\/10\/ICON.jpg\" \/>\n\t<meta property=\"og:image:width\" content=\"500\" \/>\n\t<meta property=\"og:image:height\" content=\"326\" \/>\n\t<meta property=\"og:image:type\" content=\"image\/jpeg\" \/>\n<meta name=\"twitter:card\" content=\"summary_large_image\" \/>\n<meta name=\"twitter:label1\" content=\"Est. reading time\" \/>\n\t<meta name=\"twitter:data1\" content=\"2 minutes\" \/>\n<script type=\"application\/ld+json\" class=\"yoast-schema-graph\">{\"@context\":\"https:\/\/schema.org\",\"@graph\":[{\"@type\":\"WebPage\",\"@id\":\"https:\/\/auto-retrato.com\/about\/\",\"url\":\"https:\/\/auto-retrato.com\/about\/\",\"name\":\"About - Auto Retrato\",\"isPartOf\":{\"@id\":\"https:\/\/auto-retrato.com\/#website\"},\"datePublished\":\"2019-03-27T06:16:56+00:00\",\"dateModified\":\"2020-10-26T17:46:12+00:00\",\"breadcrumb\":{\"@id\":\"https:\/\/auto-retrato.com\/about\/#breadcrumb\"},\"inLanguage\":\"en-US\",\"potentialAction\":[{\"@type\":\"ReadAction\",\"target\":[\"https:\/\/auto-retrato.com\/about\/\"]}]},{\"@type\":\"BreadcrumbList\",\"@id\":\"https:\/\/auto-retrato.com\/about\/#breadcrumb\",\"itemListElement\":[{\"@type\":\"ListItem\",\"position\":1,\"name\":\"Home\",\"item\":\"https:\/\/auto-retrato.com\/\"},{\"@type\":\"ListItem\",\"position\":2,\"name\":\"About\"}]},{\"@type\":\"WebSite\",\"@id\":\"https:\/\/auto-retrato.com\/#website\",\"url\":\"https:\/\/auto-retrato.com\/\",\"name\":\"Auto Retrato\",\"description\":\"Retratos de autos\",\"publisher\":{\"@id\":\"https:\/\/auto-retrato.com\/#organization\"},\"potentialAction\":[{\"@type\":\"SearchAction\",\"target\":{\"@type\":\"EntryPoint\",\"urlTemplate\":\"https:\/\/auto-retrato.com\/?s={search_term_string}\"},\"query-input\":\"required name=search_term_string\"}],\"inLanguage\":\"en-US\"},{\"@type\":\"Organization\",\"@id\":\"https:\/\/auto-retrato.com\/#organization\",\"name\":\"Auto Retrato\",\"url\":\"https:\/\/auto-retrato.com\/\",\"logo\":{\"@type\":\"ImageObject\",\"inLanguage\":\"en-US\",\"@id\":\"https:\/\/auto-retrato.com\/#\/schema\/logo\/image\/\",\"url\":\"https:\/\/auto-retrato.com\/wp-content\/uploads\/2020\/10\/cropped-ICON.jpg\",\"contentUrl\":\"https:\/\/auto-retrato.com\/wp-content\/uploads\/2020\/10\/cropped-ICON.jpg\",\"width\":512,\"height\":512,\"caption\":\"Auto Retrato\"},\"image\":{\"@id\":\"https:\/\/auto-retrato.com\/#\/schema\/logo\/image\/\"},\"sameAs\":[\"https:\/\/www.facebook.com\/autoretratoart\",\"https:\/\/www.instagram.com\/_auto_retrato_\/\"]}]}<\/script>\n<!-- \/ Yoast SEO plugin. -->","yoast_head_json":{"title":"About - Auto Retrato","robots":{"index":"index","follow":"follow","max-snippet":"max-snippet:-1","max-image-preview":"max-image-preview:large","max-video-preview":"max-video-preview:-1"},"canonical":"https:\/\/auto-retrato.com\/en\/about\/","og_locale":"en_US","og_type":"article","og_title":"About - Auto Retrato","og_url":"https:\/\/auto-retrato.com\/en\/about\/","og_site_name":"Auto Retrato","article_publisher":"https:\/\/www.facebook.com\/autoretratoart","article_modified_time":"2020-10-26T17:46:12+00:00","og_image":[{"width":500,"height":326,"url":"https:\/\/auto-retrato.com\/wp-content\/uploads\/2020\/10\/ICON.jpg","type":"image\/jpeg"}],"twitter_card":"summary_large_image","twitter_misc":{"Est. reading time":"2 minutes"},"schema":{"@context":"https:\/\/schema.org","@graph":[{"@type":"WebPage","@id":"https:\/\/auto-retrato.com\/about\/","url":"https:\/\/auto-retrato.com\/about\/","name":"About - Auto Retrato","isPartOf":{"@id":"https:\/\/auto-retrato.com\/#website"},"datePublished":"2019-03-27T06:16:56+00:00","dateModified":"2020-10-26T17:46:12+00:00","breadcrumb":{"@id":"https:\/\/auto-retrato.com\/about\/#breadcrumb"},"inLanguage":"en-US","potentialAction":[{"@type":"ReadAction","target":["https:\/\/auto-retrato.com\/about\/"]}]},{"@type":"BreadcrumbList","@id":"https:\/\/auto-retrato.com\/about\/#breadcrumb","itemListElement":[{"@type":"ListItem","position":1,"name":"Home","item":"https:\/\/auto-retrato.com\/"},{"@type":"ListItem","position":2,"name":"About"}]},{"@type":"WebSite","@id":"https:\/\/auto-retrato.com\/#website","url":"https:\/\/auto-retrato.com\/","name":"Auto Retrato","description":"Retratos de autos","publisher":{"@id":"https:\/\/auto-retrato.com\/#organization"},"potentialAction":[{"@type":"SearchAction","target":{"@type":"EntryPoint","urlTemplate":"https:\/\/auto-retrato.com\/?s={search_term_string}"},"query-input":"required name=search_term_string"}],"inLanguage":"en-US"},{"@type":"Organization","@id":"https:\/\/auto-retrato.com\/#organization","name":"Auto Retrato","url":"https:\/\/auto-retrato.com\/","logo":{"@type":"ImageObject","inLanguage":"en-US","@id":"https:\/\/auto-retrato.com\/#\/schema\/logo\/image\/","url":"https:\/\/auto-retrato.com\/wp-content\/uploads\/2020\/10\/cropped-ICON.jpg","contentUrl":"https:\/\/auto-retrato.com\/wp-content\/uploads\/2020\/10\/cropped-ICON.jpg","width":512,"height":512,"caption":"Auto Retrato"},"image":{"@id":"https:\/\/auto-retrato.com\/#\/schema\/logo\/image\/"},"sameAs":["https:\/\/www.facebook.com\/autoretratoart","https:\/\/www.instagram.com\/_auto_retrato_\/"]}]}},"_links":{"self":[{"href":"https:\/\/auto-retrato.com\/en\/wp-json\/wp\/v2\/pages\/12"}],"collection":[{"href":"https:\/\/auto-retrato.com\/en\/wp-json\/wp\/v2\/pages"}],"about":[{"href":"https:\/\/auto-retrato.com\/en\/wp-json\/wp\/v2\/types\/page"}],"author":[{"embeddable":true,"href":"https:\/\/auto-retrato.com\/en\/wp-json\/wp\/v2\/users\/1"}],"replies":[{"embeddable":true,"href":"https:\/\/auto-retrato.com\/en\/wp-json\/wp\/v2\/comments?post=12"}],"version-history":[{"count":15,"href":"https:\/\/auto-retrato.com\/en\/wp-json\/wp\/v2\/pages\/12\/revisions"}],"predecessor-version":[{"id":291,"href":"https:\/\/auto-retrato.com\/en\/wp-json\/wp\/v2\/pages\/12\/revisions\/291"}],"wp:attachment":[{"href":"https:\/\/auto-retrato.com\/en\/wp-json\/wp\/v2\/media?parent=12"}],"curies":[{"name":"wp","href":"https:\/\/api.w.org\/{rel}","templated":true}]}}