{"id":14,"date":"2019-03-27T06:17:20","date_gmt":"2019-03-27T06:17:20","guid":{"rendered":"http:\/\/localhost\/doro\/?page_id=11"},"modified":"2020-10-28T02:32:57","modified_gmt":"2020-10-28T02:32:57","slug":"contact","status":"publish","type":"page","link":"https:\/\/auto-retrato.com\/en\/contact\/","title":{"rendered":"Contact"},"content":{"rendered":"<div class=\"clear\"><\/div><div class=\"full-width-section\" ><div class=\"block-wrapper section-padding\"><div class=\"sec-bg-fancy\"><\/div><div class=\"section-wrapper container-fluid\"><div class=\"row-layout  row\"><div class=\"wpb_column vc_column_container vc_col-sm-12\"><div class=\"vc_column-inner\"><div class=\"wpb_wrapper\"><div class=\"vc_row wpb_row vc_inner vc_row-fluid\"><div class=\"wpb_column vc_column_container vc_col-sm-12\"><div class=\"vc_column-inner\"><div class=\"wpb_wrapper\"><div class=\"sec-title animate-box\" data-animate-effect=\"fadeInLeft\"><span class=\"heading-meta\" style=\"\">location<\/span><h2 class=\"doro-heading\" style=\"\">contact us<\/h2><\/div><\/div><\/div><\/div><\/div><div class=\"vc_row wpb_row vc_inner vc_row-fluid\"><div class=\"wpb_column vc_column_container vc_col-sm-6\"><div class=\"vc_column-inner\"><div class=\"wpb_wrapper\"><div class=\"map-container map-section\">\n\t\t            <div class=\"animate-box\" data-animate-effect=\"fadeInLeft\">\n\t\t\t\t\t    <div id=\"map-single\" class=\"map\" data-latlog=\"[4.6805, -74.063204]\" data-popuptext=\"Carrera 49B # 91-18, Bogot\u00e1, Colombia\"  data-popupicon=\"https:\/\/auto-retrato.com\/wp-content\/uploads\/2019\/06\/mapmarker.png\"><\/div>\t\n\t\t\t\t\t<\/div>\n\t\t\t\t<\/div><\/div><\/div><\/div><div class=\"wpb_column vc_column_container vc_col-sm-6\"><div class=\"vc_column-inner\"><div class=\"wpb_wrapper\"><div class=\"sec-title animate-box\" data-animate-effect=\"fadeInLeft\"><h3 class=\"doro-about-heading\" style=\"\">Contact Sheet<\/h3><\/div><div class=\"sec-contact-info\"><div class=\"animate-box\" data-animate-effect=\"fadeInLeft\"><p><i class=\"et-envelope\"><\/i> <a target=\"_blank\" href=\"mailto:admin@auto-retrato.com\">admin@auto-retrato.com<\/a><\/p><p><i class=\"et-map-pin\"><\/i> Carrera 49B # 91-18, Bogot\u00e1, Colombia<\/p><\/div><\/div><div class=\"sec-text animate-box\" data-animate-effect=\"fadeInLeft\" style=\"\"><p>Please write to us! You can use the email address above or this form for any comment, doubt, suggestion or just to say hi!<\/p><\/div><div class=\"sec-contact-form\"><div class=\"custom-form row\"><div class=\"animate-box\" data-animate-effect=\"fadeInLeft\"><p class=\"wpcf7-contact-form-not-found\"><strong>Error:<\/strong> Contact form not found.<\/p><\/div><\/div><\/div><\/div><\/div><\/div><\/div><\/div><\/div><\/div><\/div><\/div><\/div><\/div><div class=\"clear\"><\/div>","protected":false},"excerpt":{"rendered":"Ubicaci\u00f3nCont\u00e1ctanos Hoja de Contacto admin@auto-retrato.com Carrera 49B # 91-18, Bogot\u00e1, ColombiaCualquier comentario, duda, sugerencia, o saludo, puedes contactarnos al e-mail o con este formulario:Error: Contact form not found.","protected":false},"author":1,"featured_media":0,"parent":0,"menu_order":0,"comment_status":"closed","ping_status":"closed","template":"","meta":{"footnotes":"","_links_to":"","_links_to_target":""},"yoast_head":"<!-- This site is optimized with the Yoast SEO plugin v21.5 - https:\/\/yoast.com\/wordpress\/plugins\/seo\/ -->\n<title>Contact - Auto Retrato<\/title>\n<meta name=\"robots\" content=\"index, follow, max-snippet:-1, max-image-preview:large, max-video-preview:-1\" \/>\n<link rel=\"canonical\" href=\"https:\/\/auto-retrato.com\/en\/contact\/\" \/>\n<meta property=\"og:locale\" content=\"en_US\" \/>\n<meta property=\"og:type\" content=\"article\" \/>\n<meta property=\"og:title\" content=\"Contact - Auto Retrato\" \/>\n<meta property=\"og:url\" content=\"https:\/\/auto-retrato.com\/en\/contact\/\" \/>\n<meta property=\"og:site_name\" content=\"Auto Retrato\" \/>\n<meta property=\"article:publisher\" content=\"https:\/\/www.facebook.com\/autoretratoart\" \/>\n<meta property=\"article:modified_time\" content=\"2020-10-28T02:32:57+00:00\" \/>\n<meta property=\"og:image\" content=\"https:\/\/auto-retrato.com\/wp-content\/uploads\/2020\/10\/ICON.jpg\" \/>\n\t<meta property=\"og:image:width\" content=\"500\" \/>\n\t<meta property=\"og:image:height\" content=\"326\" \/>\n\t<meta property=\"og:image:type\" content=\"image\/jpeg\" \/>\n<meta name=\"twitter:card\" content=\"summary_large_image\" \/>\n<meta name=\"twitter:label1\" content=\"Est. reading time\" \/>\n\t<meta name=\"twitter:data1\" content=\"1 minute\" \/>\n<script type=\"application\/ld+json\" class=\"yoast-schema-graph\">{\"@context\":\"https:\/\/schema.org\",\"@graph\":[{\"@type\":\"WebPage\",\"@id\":\"https:\/\/auto-retrato.com\/contact\/\",\"url\":\"https:\/\/auto-retrato.com\/contact\/\",\"name\":\"Contact - Auto Retrato\",\"isPartOf\":{\"@id\":\"https:\/\/auto-retrato.com\/#website\"},\"datePublished\":\"2019-03-27T06:17:20+00:00\",\"dateModified\":\"2020-10-28T02:32:57+00:00\",\"breadcrumb\":{\"@id\":\"https:\/\/auto-retrato.com\/contact\/#breadcrumb\"},\"inLanguage\":\"en-US\",\"potentialAction\":[{\"@type\":\"ReadAction\",\"target\":[\"https:\/\/auto-retrato.com\/contact\/\"]}]},{\"@type\":\"BreadcrumbList\",\"@id\":\"https:\/\/auto-retrato.com\/contact\/#breadcrumb\",\"itemListElement\":[{\"@type\":\"ListItem\",\"position\":1,\"name\":\"Home\",\"item\":\"https:\/\/auto-retrato.com\/\"},{\"@type\":\"ListItem\",\"position\":2,\"name\":\"Contact\"}]},{\"@type\":\"WebSite\",\"@id\":\"https:\/\/auto-retrato.com\/#website\",\"url\":\"https:\/\/auto-retrato.com\/\",\"name\":\"Auto Retrato\",\"description\":\"Retratos de autos\",\"publisher\":{\"@id\":\"https:\/\/auto-retrato.com\/#organization\"},\"potentialAction\":[{\"@type\":\"SearchAction\",\"target\":{\"@type\":\"EntryPoint\",\"urlTemplate\":\"https:\/\/auto-retrato.com\/?s={search_term_string}\"},\"query-input\":\"required name=search_term_string\"}],\"inLanguage\":\"en-US\"},{\"@type\":\"Organization\",\"@id\":\"https:\/\/auto-retrato.com\/#organization\",\"name\":\"Auto Retrato\",\"url\":\"https:\/\/auto-retrato.com\/\",\"logo\":{\"@type\":\"ImageObject\",\"inLanguage\":\"en-US\",\"@id\":\"https:\/\/auto-retrato.com\/#\/schema\/logo\/image\/\",\"url\":\"https:\/\/auto-retrato.com\/wp-content\/uploads\/2020\/10\/cropped-ICON.jpg\",\"contentUrl\":\"https:\/\/auto-retrato.com\/wp-content\/uploads\/2020\/10\/cropped-ICON.jpg\",\"width\":512,\"height\":512,\"caption\":\"Auto Retrato\"},\"image\":{\"@id\":\"https:\/\/auto-retrato.com\/#\/schema\/logo\/image\/\"},\"sameAs\":[\"https:\/\/www.facebook.com\/autoretratoart\",\"https:\/\/www.instagram.com\/_auto_retrato_\/\"]}]}<\/script>\n<!-- \/ Yoast SEO plugin. -->","yoast_head_json":{"title":"Contact - Auto Retrato","robots":{"index":"index","follow":"follow","max-snippet":"max-snippet:-1","max-image-preview":"max-image-preview:large","max-video-preview":"max-video-preview:-1"},"canonical":"https:\/\/auto-retrato.com\/en\/contact\/","og_locale":"en_US","og_type":"article","og_title":"Contact - Auto Retrato","og_url":"https:\/\/auto-retrato.com\/en\/contact\/","og_site_name":"Auto Retrato","article_publisher":"https:\/\/www.facebook.com\/autoretratoart","article_modified_time":"2020-10-28T02:32:57+00:00","og_image":[{"width":500,"height":326,"url":"https:\/\/auto-retrato.com\/wp-content\/uploads\/2020\/10\/ICON.jpg","type":"image\/jpeg"}],"twitter_card":"summary_large_image","twitter_misc":{"Est. reading time":"1 minute"},"schema":{"@context":"https:\/\/schema.org","@graph":[{"@type":"WebPage","@id":"https:\/\/auto-retrato.com\/contact\/","url":"https:\/\/auto-retrato.com\/contact\/","name":"Contact - Auto Retrato","isPartOf":{"@id":"https:\/\/auto-retrato.com\/#website"},"datePublished":"2019-03-27T06:17:20+00:00","dateModified":"2020-10-28T02:32:57+00:00","breadcrumb":{"@id":"https:\/\/auto-retrato.com\/contact\/#breadcrumb"},"inLanguage":"en-US","potentialAction":[{"@type":"ReadAction","target":["https:\/\/auto-retrato.com\/contact\/"]}]},{"@type":"BreadcrumbList","@id":"https:\/\/auto-retrato.com\/contact\/#breadcrumb","itemListElement":[{"@type":"ListItem","position":1,"name":"Home","item":"https:\/\/auto-retrato.com\/"},{"@type":"ListItem","position":2,"name":"Contact"}]},{"@type":"WebSite","@id":"https:\/\/auto-retrato.com\/#website","url":"https:\/\/auto-retrato.com\/","name":"Auto Retrato","description":"Retratos de autos","publisher":{"@id":"https:\/\/auto-retrato.com\/#organization"},"potentialAction":[{"@type":"SearchAction","target":{"@type":"EntryPoint","urlTemplate":"https:\/\/auto-retrato.com\/?s={search_term_string}"},"query-input":"required name=search_term_string"}],"inLanguage":"en-US"},{"@type":"Organization","@id":"https:\/\/auto-retrato.com\/#organization","name":"Auto Retrato","url":"https:\/\/auto-retrato.com\/","logo":{"@type":"ImageObject","inLanguage":"en-US","@id":"https:\/\/auto-retrato.com\/#\/schema\/logo\/image\/","url":"https:\/\/auto-retrato.com\/wp-content\/uploads\/2020\/10\/cropped-ICON.jpg","contentUrl":"https:\/\/auto-retrato.com\/wp-content\/uploads\/2020\/10\/cropped-ICON.jpg","width":512,"height":512,"caption":"Auto Retrato"},"image":{"@id":"https:\/\/auto-retrato.com\/#\/schema\/logo\/image\/"},"sameAs":["https:\/\/www.facebook.com\/autoretratoart","https:\/\/www.instagram.com\/_auto_retrato_\/"]}]}},"_links":{"self":[{"href":"https:\/\/auto-retrato.com\/en\/wp-json\/wp\/v2\/pages\/14"}],"collection":[{"href":"https:\/\/auto-retrato.com\/en\/wp-json\/wp\/v2\/pages"}],"about":[{"href":"https:\/\/auto-retrato.com\/en\/wp-json\/wp\/v2\/types\/page"}],"author":[{"embeddable":true,"href":"https:\/\/auto-retrato.com\/en\/wp-json\/wp\/v2\/users\/1"}],"replies":[{"embeddable":true,"href":"https:\/\/auto-retrato.com\/en\/wp-json\/wp\/v2\/comments?post=14"}],"version-history":[{"count":20,"href":"https:\/\/auto-retrato.com\/en\/wp-json\/wp\/v2\/pages\/14\/revisions"}],"predecessor-version":[{"id":336,"href":"https:\/\/auto-retrato.com\/en\/wp-json\/wp\/v2\/pages\/14\/revisions\/336"}],"wp:attachment":[{"href":"https:\/\/auto-retrato.com\/en\/wp-json\/wp\/v2\/media?parent=14"}],"curies":[{"name":"wp","href":"https:\/\/api.w.org\/{rel}","templated":true}]}}