{"id":16,"date":"2019-03-27T06:17:57","date_gmt":"2019-03-27T06:17:57","guid":{"rendered":"http:\/\/localhost\/doro\/?page_id=16"},"modified":"2021-09-08T21:28:00","modified_gmt":"2021-09-08T21:28:00","slug":"quees","status":"publish","type":"page","link":"https:\/\/auto-retrato.com\/en\/quees\/","title":{"rendered":"EL PROYECTO"},"content":{"rendered":"<div class=\"clear\"><\/div><div class=\"blank-section\"><div class=\"wpb_column vc_column_container vc_col-sm-6\"><div class=\"vc_column-inner\"><div class=\"wpb_wrapper\"><div class=\"vc_empty_space\"   style=\"height: 64px\"><span class=\"vc_empty_space_inner\"><\/span><\/div><div class=\"sec-title animate-box\" data-animate-effect=\"fadeInLeft\"><span class=\"heading-meta\" style=\"\">A brief explaination<\/span><h2 class=\"doro-heading\" style=\"\">About the project<\/h2><\/div><div class=\"vc_empty_space\"   style=\"height: 24px\"><span class=\"vc_empty_space_inner\"><\/span><\/div>\n\t<div class=\"wpb_text_column wpb_content_element\" >\n\t\t<div class=\"wpb_wrapper\">\n\t\t\t<p><span style=\"font-weight: 400;\">Auto-Portrait is a photographic collection of cars portrayed in a similar manner, in a wide variety of rural and urban escenarios. Taken for over ten years by photographers David de Nicol\u00e1s and Esteban Sosnitsky; surprised by the uniqueness and subjectivity of each individually mass produced object in their natural habitat.<\/span><\/p>\n<p>The objective is to be able to transmit that aura, that essence, that personality, that special detail that hooks you up, and is felt and interpreted by the spectator; throughout the examination of a photograph.\u00a0\n\nThe end result manages to open a window on the personality\u2019s features of the object. Generating a dialog between the emotional personal bond the spectator has and what its seeing.<\/p>\n\n\t\t<\/div>\n\t<\/div>\n<div class=\"vc_empty_space\"   style=\"height: 128px\"><span class=\"vc_empty_space_inner\"><\/span><\/div><div class=\"sec-image\"><img decoding=\"async\" class=\"img-fluid mb-30 animate-box fadeInLeft animated\" data-animate-effect=\"fadeInLeft\" src=\"https:\/\/auto-retrato.com\/wp-content\/uploads\/2020\/10\/ES-9-1.jpg\" style=\"\" alt=\"ES-9\" \/><\/div><div class=\"vc_empty_space\"   style=\"height: 64px\"><span class=\"vc_empty_space_inner\"><\/span><\/div>\n\t<div class=\"wpb_text_column wpb_content_element\" >\n\t\t<div class=\"wpb_wrapper\">\n\t\t\t<p>Its also this kind of play between the subject's features and its environment what gives a pictorial feeling to the photographs. Heightening the extraordinary among the usual and ordinary. Photography here is a medium that frames the spectator from the point of view of the photographer.\u00a0<\/p>\n<p>From a geographical point of view, the collection covers a large area in its records. This increases the phenomenon; in which through the intervention of the machines, and their surrounding habitat, they become worthy of being portrayed.<\/p>\n\n\t\t<\/div>\n\t<\/div>\n<div class=\"vc_empty_space\"   style=\"height: 64px\"><span class=\"vc_empty_space_inner\"><\/span><\/div><\/div><\/div><\/div><div class=\"wpb_column vc_column_container vc_col-sm-6\"><div class=\"vc_column-inner\"><div class=\"wpb_wrapper\"><div class=\"vc_empty_space\"   style=\"height: 168px\"><span class=\"vc_empty_space_inner\"><\/span><\/div><div class=\"sec-image\"><img decoding=\"async\" class=\"img-fluid mb-30 animate-box fadeInLeft animated\" data-animate-effect=\"fadeInLeft\" src=\"https:\/\/auto-retrato.com\/wp-content\/uploads\/2020\/10\/DN-39.jpg\" style=\"\" alt=\"DN-39\" \/><\/div><div class=\"vc_empty_space\"   style=\"height: 32px\"><span class=\"vc_empty_space_inner\"><\/span><\/div>\n\t<div class=\"wpb_text_column wpb_content_element\" >\n\t\t<div class=\"wpb_wrapper\">\n\t\t\t<p>The images succeed at revealing the inherent features of the portrayed vehicles. Those that have been intervened by the use and misuse through the years. Inadvertently, these vehicles pose by mere chance, in their natural habitat.<\/p>\n<p>The similar way of registering them, minimizes the sense of intervention over the portrayed object. Letting it express itself freely.<\/p>\n<p>Auto Portrait is a documentary project, a testimony of the coincidences and remarkable dialogs between the subjects and their surroundings. Hence,\u00a0aspects of their personality are revealed thanks to the condition in which they are found, their expression and their location in space.\u00a0<\/p>\n\n\t\t<\/div>\n\t<\/div>\n<div class=\"vc_empty_space\"   style=\"height: 64px\"><span class=\"vc_empty_space_inner\"><\/span><\/div><div class=\"sec-image\"><img decoding=\"async\" class=\"img-fluid mb-30 animate-box fadeInLeft animated\" data-animate-effect=\"fadeInLeft\" src=\"https:\/\/auto-retrato.com\/wp-content\/uploads\/2020\/10\/ES-62.jpg\" style=\"\" alt=\"ES-62\" \/><\/div><div class=\"vc_empty_space\"   style=\"height: 64px\"><span class=\"vc_empty_space_inner\"><\/span><\/div><\/div><\/div><\/div><\/div><div class=\"clear\"><\/div>","protected":false},"excerpt":{"rendered":"Una explicaci\u00f3n breveSobre el Proyecto Una serie fotogr\u00e1fica de autos retratados de manera uniforme, en variados escenarios urbanos y rurales, que durante m\u00e1s de diez a\u00f1os han sido realizados por Esteban Sosnitsky y David de Nicol\u00e1s; sorprendidos ante la subjetividad y singularidad de cada uno de estos objetos industriales producidos en masa, en su entorno [...]","protected":false},"author":1,"featured_media":0,"parent":0,"menu_order":0,"comment_status":"closed","ping_status":"closed","template":"","meta":{"footnotes":"","_links_to":"","_links_to_target":""},"yoast_head":"<!-- This site is optimized with the Yoast SEO plugin v21.5 - https:\/\/yoast.com\/wordpress\/plugins\/seo\/ -->\n<title>EL PROYECTO - Auto Retrato<\/title>\n<meta name=\"robots\" content=\"index, follow, max-snippet:-1, max-image-preview:large, max-video-preview:-1\" \/>\n<link rel=\"canonical\" href=\"https:\/\/auto-retrato.com\/en\/quees\/\" \/>\n<meta property=\"og:locale\" content=\"en_US\" \/>\n<meta property=\"og:type\" content=\"article\" \/>\n<meta property=\"og:title\" content=\"EL PROYECTO - Auto Retrato\" \/>\n<meta property=\"og:url\" content=\"https:\/\/auto-retrato.com\/en\/quees\/\" \/>\n<meta property=\"og:site_name\" content=\"Auto Retrato\" \/>\n<meta property=\"article:publisher\" content=\"https:\/\/www.facebook.com\/autoretratoart\" \/>\n<meta property=\"article:modified_time\" content=\"2021-09-08T21:28:00+00:00\" \/>\n<meta property=\"og:image\" content=\"https:\/\/auto-retrato.com\/wp-content\/uploads\/2020\/10\/ICON.jpg\" \/>\n\t<meta property=\"og:image:width\" content=\"500\" \/>\n\t<meta property=\"og:image:height\" content=\"326\" \/>\n\t<meta property=\"og:image:type\" content=\"image\/jpeg\" \/>\n<meta name=\"twitter:card\" content=\"summary_large_image\" \/>\n<meta name=\"twitter:label1\" content=\"Est. reading time\" \/>\n\t<meta name=\"twitter:data1\" content=\"2 minutes\" \/>\n<script type=\"application\/ld+json\" class=\"yoast-schema-graph\">{\"@context\":\"https:\/\/schema.org\",\"@graph\":[{\"@type\":\"WebPage\",\"@id\":\"https:\/\/auto-retrato.com\/quees\/\",\"url\":\"https:\/\/auto-retrato.com\/quees\/\",\"name\":\"EL PROYECTO - Auto Retrato\",\"isPartOf\":{\"@id\":\"https:\/\/auto-retrato.com\/#website\"},\"datePublished\":\"2019-03-27T06:17:57+00:00\",\"dateModified\":\"2021-09-08T21:28:00+00:00\",\"breadcrumb\":{\"@id\":\"https:\/\/auto-retrato.com\/quees\/#breadcrumb\"},\"inLanguage\":\"en-US\",\"potentialAction\":[{\"@type\":\"ReadAction\",\"target\":[\"https:\/\/auto-retrato.com\/quees\/\"]}]},{\"@type\":\"BreadcrumbList\",\"@id\":\"https:\/\/auto-retrato.com\/quees\/#breadcrumb\",\"itemListElement\":[{\"@type\":\"ListItem\",\"position\":1,\"name\":\"Home\",\"item\":\"https:\/\/auto-retrato.com\/\"},{\"@type\":\"ListItem\",\"position\":2,\"name\":\"EL PROYECTO\"}]},{\"@type\":\"WebSite\",\"@id\":\"https:\/\/auto-retrato.com\/#website\",\"url\":\"https:\/\/auto-retrato.com\/\",\"name\":\"Auto Retrato\",\"description\":\"Retratos de autos\",\"publisher\":{\"@id\":\"https:\/\/auto-retrato.com\/#organization\"},\"potentialAction\":[{\"@type\":\"SearchAction\",\"target\":{\"@type\":\"EntryPoint\",\"urlTemplate\":\"https:\/\/auto-retrato.com\/?s={search_term_string}\"},\"query-input\":\"required name=search_term_string\"}],\"inLanguage\":\"en-US\"},{\"@type\":\"Organization\",\"@id\":\"https:\/\/auto-retrato.com\/#organization\",\"name\":\"Auto Retrato\",\"url\":\"https:\/\/auto-retrato.com\/\",\"logo\":{\"@type\":\"ImageObject\",\"inLanguage\":\"en-US\",\"@id\":\"https:\/\/auto-retrato.com\/#\/schema\/logo\/image\/\",\"url\":\"https:\/\/auto-retrato.com\/wp-content\/uploads\/2020\/10\/cropped-ICON.jpg\",\"contentUrl\":\"https:\/\/auto-retrato.com\/wp-content\/uploads\/2020\/10\/cropped-ICON.jpg\",\"width\":512,\"height\":512,\"caption\":\"Auto Retrato\"},\"image\":{\"@id\":\"https:\/\/auto-retrato.com\/#\/schema\/logo\/image\/\"},\"sameAs\":[\"https:\/\/www.facebook.com\/autoretratoart\",\"https:\/\/www.instagram.com\/_auto_retrato_\/\"]}]}<\/script>\n<!-- \/ Yoast SEO plugin. -->","yoast_head_json":{"title":"EL PROYECTO - Auto Retrato","robots":{"index":"index","follow":"follow","max-snippet":"max-snippet:-1","max-image-preview":"max-image-preview:large","max-video-preview":"max-video-preview:-1"},"canonical":"https:\/\/auto-retrato.com\/en\/quees\/","og_locale":"en_US","og_type":"article","og_title":"EL PROYECTO - Auto Retrato","og_url":"https:\/\/auto-retrato.com\/en\/quees\/","og_site_name":"Auto Retrato","article_publisher":"https:\/\/www.facebook.com\/autoretratoart","article_modified_time":"2021-09-08T21:28:00+00:00","og_image":[{"width":500,"height":326,"url":"https:\/\/auto-retrato.com\/wp-content\/uploads\/2020\/10\/ICON.jpg","type":"image\/jpeg"}],"twitter_card":"summary_large_image","twitter_misc":{"Est. reading time":"2 minutes"},"schema":{"@context":"https:\/\/schema.org","@graph":[{"@type":"WebPage","@id":"https:\/\/auto-retrato.com\/quees\/","url":"https:\/\/auto-retrato.com\/quees\/","name":"EL PROYECTO - Auto Retrato","isPartOf":{"@id":"https:\/\/auto-retrato.com\/#website"},"datePublished":"2019-03-27T06:17:57+00:00","dateModified":"2021-09-08T21:28:00+00:00","breadcrumb":{"@id":"https:\/\/auto-retrato.com\/quees\/#breadcrumb"},"inLanguage":"en-US","potentialAction":[{"@type":"ReadAction","target":["https:\/\/auto-retrato.com\/quees\/"]}]},{"@type":"BreadcrumbList","@id":"https:\/\/auto-retrato.com\/quees\/#breadcrumb","itemListElement":[{"@type":"ListItem","position":1,"name":"Home","item":"https:\/\/auto-retrato.com\/"},{"@type":"ListItem","position":2,"name":"EL PROYECTO"}]},{"@type":"WebSite","@id":"https:\/\/auto-retrato.com\/#website","url":"https:\/\/auto-retrato.com\/","name":"Auto Retrato","description":"Retratos de autos","publisher":{"@id":"https:\/\/auto-retrato.com\/#organization"},"potentialAction":[{"@type":"SearchAction","target":{"@type":"EntryPoint","urlTemplate":"https:\/\/auto-retrato.com\/?s={search_term_string}"},"query-input":"required name=search_term_string"}],"inLanguage":"en-US"},{"@type":"Organization","@id":"https:\/\/auto-retrato.com\/#organization","name":"Auto Retrato","url":"https:\/\/auto-retrato.com\/","logo":{"@type":"ImageObject","inLanguage":"en-US","@id":"https:\/\/auto-retrato.com\/#\/schema\/logo\/image\/","url":"https:\/\/auto-retrato.com\/wp-content\/uploads\/2020\/10\/cropped-ICON.jpg","contentUrl":"https:\/\/auto-retrato.com\/wp-content\/uploads\/2020\/10\/cropped-ICON.jpg","width":512,"height":512,"caption":"Auto Retrato"},"image":{"@id":"https:\/\/auto-retrato.com\/#\/schema\/logo\/image\/"},"sameAs":["https:\/\/www.facebook.com\/autoretratoart","https:\/\/www.instagram.com\/_auto_retrato_\/"]}]}},"_links":{"self":[{"href":"https:\/\/auto-retrato.com\/en\/wp-json\/wp\/v2\/pages\/16"}],"collection":[{"href":"https:\/\/auto-retrato.com\/en\/wp-json\/wp\/v2\/pages"}],"about":[{"href":"https:\/\/auto-retrato.com\/en\/wp-json\/wp\/v2\/types\/page"}],"author":[{"embeddable":true,"href":"https:\/\/auto-retrato.com\/en\/wp-json\/wp\/v2\/users\/1"}],"replies":[{"embeddable":true,"href":"https:\/\/auto-retrato.com\/en\/wp-json\/wp\/v2\/comments?post=16"}],"version-history":[{"count":44,"href":"https:\/\/auto-retrato.com\/en\/wp-json\/wp\/v2\/pages\/16\/revisions"}],"predecessor-version":[{"id":436,"href":"https:\/\/auto-retrato.com\/en\/wp-json\/wp\/v2\/pages\/16\/revisions\/436"}],"wp:attachment":[{"href":"https:\/\/auto-retrato.com\/en\/wp-json\/wp\/v2\/media?parent=16"}],"curies":[{"name":"wp","href":"https:\/\/api.w.org\/{rel}","templated":true}]}}